{"id":17321,"date":"2024-04-29T13:54:33","date_gmt":"2024-04-29T11:54:33","guid":{"rendered":"https:\/\/vavril.fr\/professionals\/"},"modified":"2025-12-10T14:44:07","modified_gmt":"2025-12-10T13:44:07","slug":"atmosphere","status":"publish","type":"page","link":"https:\/\/vavril.fr\/en\/atmosphere\/","title":{"rendered":"Atmosphere"},"content":{"rendered":"<p><div class=\"fusion-fullwidth fullwidth-box fusion-builder-row-1 fusion-flex-container has-pattern-background has-mask-background fusion-parallax-none nonhundred-percent-fullwidth hundred-percent-height hundred-percent-height-center-content non-hundred-percent-height-scrolling ctnr-top-hero\" style=\"--awb-border-radius-top-left:0px;--awb-border-radius-top-right:0px;--awb-border-radius-bottom-right:0px;--awb-border-radius-bottom-left:0px;--awb-background-image:url(&quot;https:\/\/vavril.fr\/wp-content\/uploads\/2024\/05\/New-Banniere-Professionnels.jpg&quot;);--awb-background-size:cover;--awb-flex-wrap:wrap;\" ><div class=\"fusion-builder-row fusion-row fusion-flex-align-items-flex-start fusion-flex-align-content-center fusion-flex-justify-content-center fusion-flex-content-wrap\" style=\"max-width:1248px;margin-left: calc(-4% \/ 2 );margin-right: calc(-4% \/ 2 );\"><div class=\"fusion-layout-column fusion_builder_column fusion-builder-column-0 fusion_builder_column_2_5 2_5 fusion-flex-column col-img\" style=\"--awb-bg-size:cover;--awb-width-large:40%;--awb-margin-top-large:0px;--awb-spacing-right-large:4.8%;--awb-margin-bottom-large:0px;--awb-spacing-left-large:4.8%;--awb-width-medium:100%;--awb-order-medium:0;--awb-spacing-right-medium:1.92%;--awb-spacing-left-medium:1.92%;--awb-width-small:100%;--awb-order-small:0;--awb-spacing-right-small:1.92%;--awb-spacing-left-small:1.92%;\" data-scroll-devices=\"small-visibility,medium-visibility,large-visibility\"><div class=\"fusion-column-wrapper fusion-column-has-shadow fusion-flex-justify-content-center fusion-content-layout-column\"><div class=\"fusion-image-element \" style=\"text-align:center;--awb-caption-title-font-family:var(--h2_typography-font-family);--awb-caption-title-font-weight:var(--h2_typography-font-weight);--awb-caption-title-font-style:var(--h2_typography-font-style);--awb-caption-title-size:var(--h2_typography-font-size);--awb-caption-title-transform:var(--h2_typography-text-transform);--awb-caption-title-line-height:var(--h2_typography-line-height);--awb-caption-title-letter-spacing:var(--h2_typography-letter-spacing);\"><span class=\" fusion-imageframe imageframe-none imageframe-1 hover-type-none\"><img decoding=\"async\" width=\"650\" height=\"299\" alt=\"Un Domaine charg\u00e9 d&#039;histoire, o\u00f9 authenticit\u00e9 et \u00e9l\u00e9gance se m\u00ealent pour cr\u00e9er un mariage exceptionnel\" title=\"vavril_blanc\" src=\"https:\/\/vavril.fr\/wp-content\/uploads\/2024\/06\/vavril_blanc.svg\" class=\"img-responsive wp-image-17197\"\/><\/span><\/div><\/div><\/div>\n<\/div><\/div><div class=\"fusion-fullwidth fullwidth-box fusion-builder-row-2 fusion-flex-container has-pattern-background has-mask-background nonhundred-percent-fullwidth non-hundred-percent-height-scrolling\" style=\"--awb-border-radius-top-left:0px;--awb-border-radius-top-right:0px;--awb-border-radius-bottom-right:0px;--awb-border-radius-bottom-left:0px;--awb-flex-wrap:wrap;\" ><div class=\"fusion-builder-row fusion-row fusion-flex-align-items-flex-start fusion-flex-content-wrap\" style=\"max-width:1248px;margin-left: calc(-4% \/ 2 );margin-right: calc(-4% \/ 2 );\"><div class=\"fusion-layout-column fusion_builder_column fusion-builder-column-1 fusion_builder_column_1_1 1_1 fusion-flex-column\" style=\"--awb-bg-size:cover;--awb-width-large:100%;--awb-margin-top-large:0px;--awb-spacing-right-large:1.92%;--awb-margin-bottom-large:0px;--awb-spacing-left-large:1.92%;--awb-width-medium:100%;--awb-order-medium:0;--awb-spacing-right-medium:1.92%;--awb-spacing-left-medium:1.92%;--awb-width-small:100%;--awb-order-small:0;--awb-spacing-right-small:1.92%;--awb-spacing-left-small:1.92%;\"><div class=\"fusion-column-wrapper fusion-column-has-shadow fusion-flex-justify-content-flex-start fusion-content-layout-column\"><div class=\"fusion-title title fusion-title-1 fusion-sep-none fusion-title-center fusion-title-text fusion-title-size-one titre-center\" style=\"--awb-margin-top-small:0px;--awb-margin-right-small:0px;--awb-margin-bottom-small:20px;--awb-margin-left-small:0px;\"><h1 class=\"fusion-title-heading title-heading-center\" style=\"margin:0;\">Vavril: the &#8220;World of Yesterday&#8221; today<\/h1><\/div><div class=\"fusion-text fusion-text-1\"><p style=\"text-align: center;\"><em>Vavril is first and foremost an atmosphere: living Stefan Zweig&#8217;s &#8220;yesterday&#8217;s world&#8221; today. <\/em><\/p>\n<p style=\"text-align: center;\"><em>Gather with family or friends from the ends of the earth in privileged, fully-privatized locations <\/em><\/p>\n<p style=\"text-align: center;\"><em>for receptions, parties or simple holidays. <\/em><\/p>\n<\/div><\/div><\/div><\/div><\/div><div class=\"fusion-fullwidth fullwidth-box fusion-builder-row-3 fusion-flex-container has-pattern-background has-mask-background nonhundred-percent-fullwidth non-hundred-percent-height-scrolling\" style=\"--awb-border-radius-top-left:0px;--awb-border-radius-top-right:0px;--awb-border-radius-bottom-right:0px;--awb-border-radius-bottom-left:0px;--awb-flex-wrap:wrap;\" ><div class=\"fusion-builder-row fusion-row fusion-flex-align-items-flex-start fusion-flex-content-wrap\" style=\"max-width:1248px;margin-left: calc(-4% \/ 2 );margin-right: calc(-4% \/ 2 );\"><div class=\"fusion-layout-column fusion_builder_column fusion-builder-column-2 fusion_builder_column_1_1 1_1 fusion-flex-column\" style=\"--awb-bg-size:cover;--awb-width-large:100%;--awb-margin-top-large:0px;--awb-spacing-right-large:1.92%;--awb-margin-bottom-large:0px;--awb-spacing-left-large:1.92%;--awb-width-medium:100%;--awb-order-medium:0;--awb-spacing-right-medium:1.92%;--awb-spacing-left-medium:1.92%;--awb-width-small:100%;--awb-order-small:0;--awb-spacing-right-small:1.92%;--awb-spacing-left-small:1.92%;\" data-scroll-devices=\"small-visibility,medium-visibility,large-visibility\"><div class=\"fusion-column-wrapper fusion-column-has-shadow fusion-flex-justify-content-flex-start fusion-content-layout-column\"><div class=\"fusion-title title fusion-title-2 fusion-sep-none fusion-title-center fusion-title-text fusion-title-size-two\" style=\"--awb-margin-top-small:0px;--awb-margin-right-small:0px;--awb-margin-bottom-small:20px;--awb-margin-left-small:0px;\"><h2 class=\"fusion-title-heading title-heading-center\" style=\"margin:0;\">Domaine de Vavril, Wedding in Beaujolais, south of Burgundy<\/h2><\/div><div class=\"fusion-text fusion-text-2 description\" style=\"--awb-content-alignment:center;\"><p>A fully refurbished 18th-century wine estate for your receptions in Beaujolais, France&#8217;s Tuscany.<\/p>\n<p>Complete privatization of this historic family home<\/p>\n<p>to personalize your events and break away from the aseptic hotel atmosphere.<\/p>\n<p><a href=\"http:\/\/www.vavril.fr\">www.vavril.fr<\/a><\/p>\n<\/div><div class=\"fusion-image-element \" style=\"text-align:center;--awb-caption-title-font-family:var(--h2_typography-font-family);--awb-caption-title-font-weight:var(--h2_typography-font-weight);--awb-caption-title-font-style:var(--h2_typography-font-style);--awb-caption-title-size:var(--h2_typography-font-size);--awb-caption-title-transform:var(--h2_typography-text-transform);--awb-caption-title-line-height:var(--h2_typography-line-height);--awb-caption-title-letter-spacing:var(--h2_typography-letter-spacing);\"><span class=\" fusion-imageframe imageframe-none imageframe-2 hover-type-none\"><a class=\"fusion-no-lightbox\" href=\"https:\/\/vavril.fr\/en\/\" target=\"_self\" aria-label=\"364098085_756212986511330_900569056089021027_n\"><img decoding=\"async\" width=\"300\" height=\"200\" src=\"https:\/\/vavril.fr\/wp-content\/uploads\/2024\/05\/364098085_756212986511330_900569056089021027_n-300x200.jpeg\" alt class=\"img-responsive wp-image-18713\" srcset=\"https:\/\/vavril.fr\/wp-content\/uploads\/2024\/05\/364098085_756212986511330_900569056089021027_n-200x133.jpeg 200w, https:\/\/vavril.fr\/wp-content\/uploads\/2024\/05\/364098085_756212986511330_900569056089021027_n-400x267.jpeg 400w, https:\/\/vavril.fr\/wp-content\/uploads\/2024\/05\/364098085_756212986511330_900569056089021027_n-600x400.jpeg 600w, https:\/\/vavril.fr\/wp-content\/uploads\/2024\/05\/364098085_756212986511330_900569056089021027_n-800x533.jpeg 800w, https:\/\/vavril.fr\/wp-content\/uploads\/2024\/05\/364098085_756212986511330_900569056089021027_n-1200x800.jpeg 1200w\" sizes=\"(max-width: 800px) 100vw, (max-width: 640px) 100vw, 1200px\" \/><\/a><\/span><\/div><\/div><\/div><\/div><\/div><div class=\"fusion-fullwidth fullwidth-box fusion-builder-row-4 fusion-flex-container has-pattern-background has-mask-background nonhundred-percent-fullwidth non-hundred-percent-height-scrolling\" style=\"--awb-border-radius-top-left:0px;--awb-border-radius-top-right:0px;--awb-border-radius-bottom-right:0px;--awb-border-radius-bottom-left:0px;--awb-flex-wrap:wrap;\" ><div class=\"fusion-builder-row fusion-row fusion-flex-align-items-flex-start fusion-flex-content-wrap\" style=\"max-width:1248px;margin-left: calc(-4% \/ 2 );margin-right: calc(-4% \/ 2 );\"><div class=\"fusion-layout-column fusion_builder_column fusion-builder-column-3 fusion_builder_column_1_1 1_1 fusion-flex-column\" style=\"--awb-bg-size:cover;--awb-width-large:100%;--awb-margin-top-large:0px;--awb-spacing-right-large:1.92%;--awb-margin-bottom-large:0px;--awb-spacing-left-large:1.92%;--awb-width-medium:100%;--awb-order-medium:0;--awb-spacing-right-medium:1.92%;--awb-spacing-left-medium:1.92%;--awb-width-small:100%;--awb-order-small:0;--awb-spacing-right-small:1.92%;--awb-spacing-left-small:1.92%;\" data-scroll-devices=\"small-visibility,medium-visibility,large-visibility\"><div class=\"fusion-column-wrapper fusion-column-has-shadow fusion-flex-justify-content-flex-start fusion-content-layout-column\"><div class=\"fusion-title title fusion-title-3 fusion-sep-none fusion-title-center fusion-title-text fusion-title-size-two\" style=\"--awb-margin-top-small:0px;--awb-margin-right-small:0px;--awb-margin-bottom-small:20px;--awb-margin-left-small:0px;\"><h2 class=\"fusion-title-heading title-heading-center\" style=\"margin:0;\">Vavril Ski aux pieds &#8211; Sport and Mountain in the 3 Valleys<\/h2><\/div><div class=\"fusion-text fusion-text-3 description\" style=\"--awb-content-alignment:center;\"><p>A ski-in\/ski-out chalet-style family apartment at the top of the M\u00e9ribel resort,<\/p>\n<p>in the 3 Valleys, the world&#8217;s largest ski area.<\/p>\n<p><a href=\"http:\/\/www.vavrilski.fr\">www.vavrilski.fr<\/a><\/p>\n<\/div><div class=\"fusion-image-element \" style=\"text-align:center;--awb-caption-title-font-family:var(--h2_typography-font-family);--awb-caption-title-font-weight:var(--h2_typography-font-weight);--awb-caption-title-font-style:var(--h2_typography-font-style);--awb-caption-title-size:var(--h2_typography-font-size);--awb-caption-title-transform:var(--h2_typography-text-transform);--awb-caption-title-line-height:var(--h2_typography-line-height);--awb-caption-title-letter-spacing:var(--h2_typography-letter-spacing);\"><span class=\" fusion-imageframe imageframe-none imageframe-3 hover-type-none\"><a class=\"fusion-no-lightbox\" href=\"https:\/\/vavrilski.fr\/\" target=\"_self\" aria-label=\"Apartement M\u00e9ribel\"><img decoding=\"async\" width=\"300\" height=\"200\" src=\"https:\/\/vavril.fr\/wp-content\/uploads\/2025\/06\/Espaces-de-vie-Salon-Cuisine-n\u00b04-300x200.jpg\" alt class=\"img-responsive wp-image-18922\" srcset=\"https:\/\/vavril.fr\/wp-content\/uploads\/2025\/06\/Espaces-de-vie-Salon-Cuisine-n\u00b04-200x133.jpg 200w, https:\/\/vavril.fr\/wp-content\/uploads\/2025\/06\/Espaces-de-vie-Salon-Cuisine-n\u00b04-400x267.jpg 400w, https:\/\/vavril.fr\/wp-content\/uploads\/2025\/06\/Espaces-de-vie-Salon-Cuisine-n\u00b04-600x400.jpg 600w, https:\/\/vavril.fr\/wp-content\/uploads\/2025\/06\/Espaces-de-vie-Salon-Cuisine-n\u00b04-800x533.jpg 800w, https:\/\/vavril.fr\/wp-content\/uploads\/2025\/06\/Espaces-de-vie-Salon-Cuisine-n\u00b04-1200x800.jpg 1200w\" sizes=\"(max-width: 800px) 100vw, (max-width: 640px) 100vw, 1200px\" \/><\/a><\/span><\/div><\/div><\/div><\/div><\/div><div class=\"fusion-fullwidth fullwidth-box fusion-builder-row-5 fusion-flex-container has-pattern-background has-mask-background nonhundred-percent-fullwidth non-hundred-percent-height-scrolling\" style=\"--awb-border-radius-top-left:0px;--awb-border-radius-top-right:0px;--awb-border-radius-bottom-right:0px;--awb-border-radius-bottom-left:0px;--awb-flex-wrap:wrap;\" ><div class=\"fusion-builder-row fusion-row fusion-flex-align-items-flex-start fusion-flex-content-wrap\" style=\"max-width:1248px;margin-left: calc(-4% \/ 2 );margin-right: calc(-4% \/ 2 );\"><div class=\"fusion-layout-column fusion_builder_column fusion-builder-column-4 fusion_builder_column_1_1 1_1 fusion-flex-column\" style=\"--awb-bg-size:cover;--awb-width-large:100%;--awb-margin-top-large:0px;--awb-spacing-right-large:1.92%;--awb-margin-bottom-large:0px;--awb-spacing-left-large:1.92%;--awb-width-medium:100%;--awb-order-medium:0;--awb-spacing-right-medium:1.92%;--awb-spacing-left-medium:1.92%;--awb-width-small:100%;--awb-order-small:0;--awb-spacing-right-small:1.92%;--awb-spacing-left-small:1.92%;\" data-scroll-devices=\"small-visibility,medium-visibility,large-visibility\"><div class=\"fusion-column-wrapper fusion-column-has-shadow fusion-flex-justify-content-flex-start fusion-content-layout-column\"><div class=\"fusion-title title fusion-title-4 fusion-sep-none fusion-title-center fusion-title-text fusion-title-size-two\" style=\"--awb-margin-top-small:0px;--awb-margin-right-small:0px;--awb-margin-bottom-small:20px;--awb-margin-left-small:0px;\"><h2 class=\"fusion-title-heading title-heading-center\" style=\"margin:0;\">Le Repaire de Vavril &#8211; Holidays in the Dordogne and its castles<\/h2><\/div><div class=\"fusion-text fusion-text-4 description\" style=\"--awb-content-alignment:center;\"><p>La Peyssi\u00e8re is the Vavril stronghold. A noble stronghold bequeathed by Templar knight Gailhard I de Beynac to his son Gailhard II in 1255.<\/p>\n<p>A unique site full of history, soon available for a successful family reunion.<\/p>\n<p><em>Website to be discovered soon<\/em><\/p>\n<\/div><div class=\"fusion-image-element \" style=\"text-align:center;--awb-caption-title-font-family:var(--h2_typography-font-family);--awb-caption-title-font-weight:var(--h2_typography-font-weight);--awb-caption-title-font-style:var(--h2_typography-font-style);--awb-caption-title-size:var(--h2_typography-font-size);--awb-caption-title-transform:var(--h2_typography-text-transform);--awb-caption-title-line-height:var(--h2_typography-line-height);--awb-caption-title-letter-spacing:var(--h2_typography-letter-spacing);\"><span class=\" fusion-imageframe imageframe-none imageframe-4 hover-type-none\"><img decoding=\"async\" width=\"300\" height=\"200\" title=\"Dordogne &#8211; MA-Ta-ext-0009_HD\" src=\"https:\/\/vavril.fr\/wp-content\/uploads\/2025\/06\/Dordogne-MA-Ta-ext-0009_HD-300x200.jpg\" alt class=\"img-responsive wp-image-18924\" srcset=\"https:\/\/vavril.fr\/wp-content\/uploads\/2025\/06\/Dordogne-MA-Ta-ext-0009_HD-200x133.jpg 200w, https:\/\/vavril.fr\/wp-content\/uploads\/2025\/06\/Dordogne-MA-Ta-ext-0009_HD-400x267.jpg 400w, https:\/\/vavril.fr\/wp-content\/uploads\/2025\/06\/Dordogne-MA-Ta-ext-0009_HD-600x400.jpg 600w, https:\/\/vavril.fr\/wp-content\/uploads\/2025\/06\/Dordogne-MA-Ta-ext-0009_HD-800x533.jpg 800w, https:\/\/vavril.fr\/wp-content\/uploads\/2025\/06\/Dordogne-MA-Ta-ext-0009_HD-1200x800.jpg 1200w\" sizes=\"(max-width: 800px) 100vw, (max-width: 640px) 100vw, 1200px\" \/><\/span><\/div><\/div><\/div><\/div><\/div><\/p>\n","protected":false},"excerpt":{"rendered":"","protected":false},"author":4,"featured_media":0,"parent":0,"menu_order":0,"comment_status":"closed","ping_status":"closed","template":"100-width.php","meta":{"footnotes":""},"class_list":["post-17321","page","type-page","status-publish","hentry"],"_links":{"self":[{"href":"https:\/\/vavril.fr\/en\/wp-json\/wp\/v2\/pages\/17321","targetHints":{"allow":["GET"]}}],"collection":[{"href":"https:\/\/vavril.fr\/en\/wp-json\/wp\/v2\/pages"}],"about":[{"href":"https:\/\/vavril.fr\/en\/wp-json\/wp\/v2\/types\/page"}],"author":[{"embeddable":true,"href":"https:\/\/vavril.fr\/en\/wp-json\/wp\/v2\/users\/4"}],"replies":[{"embeddable":true,"href":"https:\/\/vavril.fr\/en\/wp-json\/wp\/v2\/comments?post=17321"}],"version-history":[{"count":5,"href":"https:\/\/vavril.fr\/en\/wp-json\/wp\/v2\/pages\/17321\/revisions"}],"predecessor-version":[{"id":20314,"href":"https:\/\/vavril.fr\/en\/wp-json\/wp\/v2\/pages\/17321\/revisions\/20314"}],"wp:attachment":[{"href":"https:\/\/vavril.fr\/en\/wp-json\/wp\/v2\/media?parent=17321"}],"curies":[{"name":"wp","href":"https:\/\/api.w.org\/{rel}","templated":true}]}}